{"id":25,"date":"2024-02-14T15:09:51","date_gmt":"2024-02-14T15:09:51","guid":{"rendered":"https:\/\/www.daiseikai.be\/?page_id=25"},"modified":"2024-06-05T09:19:41","modified_gmt":"2024-06-05T09:19:41","slug":"homepage","status":"publish","type":"page","link":"https:\/\/www.daiseikai.be\/fr","title":{"rendered":"Homepage"},"content":{"rendered":"","protected":false},"excerpt":{"rendered":"","protected":false},"author":1,"featured_media":0,"parent":0,"menu_order":0,"comment_status":"closed","ping_status":"closed","template":"","meta":{"footnotes":""},"acf":[],"yoast_head":"<!-- This site is optimized with the Yoast SEO plugin v21.7 - https:\/\/yoast.com\/wordpress\/plugins\/seo\/ -->\n<title>Homepage - Daiseikai.be<\/title>\n<meta name=\"description\" content=\"Un design haut de gamme, des mat\u00e9riaux durables, des prestations optimales : voici le nouveau Daiseikai 10. Avec son design original et ses caract\u00e9ristiques exceptionnelles, ce climatiseur innovant ne passe pas inaper\u00e7u. C\u2019est aussi un v\u00e9ritable mod\u00e8le de durabilit\u00e9, avec des mat\u00e9riaux circulaires et une consommation d\u2019\u00e9nergie r\u00e9duite.\" \/>\n<meta name=\"robots\" content=\"index, follow, max-snippet:-1, max-image-preview:large, max-video-preview:-1\" \/>\n<link rel=\"canonical\" href=\"https:\/\/www.daiseikai.be\/fr\" \/>\n<meta property=\"og:locale\" content=\"fr_FR\" \/>\n<meta property=\"og:type\" content=\"article\" \/>\n<meta property=\"og:title\" content=\"Homepage - Daiseikai.be\" \/>\n<meta property=\"og:description\" content=\"Un design haut de gamme, des mat\u00e9riaux durables, des prestations optimales : voici le nouveau Daiseikai 10. Avec son design original et ses caract\u00e9ristiques exceptionnelles, ce climatiseur innovant ne passe pas inaper\u00e7u. C\u2019est aussi un v\u00e9ritable mod\u00e8le de durabilit\u00e9, avec des mat\u00e9riaux circulaires et une consommation d\u2019\u00e9nergie r\u00e9duite.\" \/>\n<meta property=\"og:url\" content=\"https:\/\/www.daiseikai.be\/fr\" \/>\n<meta property=\"og:site_name\" content=\"Daiseikai.be\" \/>\n<meta property=\"article:modified_time\" content=\"2024-06-05T09:19:41+00:00\" \/>\n<meta name=\"twitter:card\" content=\"summary_large_image\" \/>\n<script type=\"application\/ld+json\" class=\"yoast-schema-graph\">{\"@context\":\"https:\/\/schema.org\",\"@graph\":[{\"@type\":\"WebPage\",\"@id\":\"https:\/\/www.daiseikai.be\/fr\",\"url\":\"https:\/\/www.daiseikai.be\/fr\",\"name\":\"Homepage - Daiseikai.be\",\"isPartOf\":{\"@id\":\"https:\/\/www.daiseikai.be\/#website\"},\"datePublished\":\"2024-02-14T15:09:51+00:00\",\"dateModified\":\"2024-06-05T09:19:41+00:00\",\"description\":\"Un design haut de gamme, des mat\u00e9riaux durables, des prestations optimales : voici le nouveau Daiseikai 10. Avec son design original et ses caract\u00e9ristiques exceptionnelles, ce climatiseur innovant ne passe pas inaper\u00e7u. C\u2019est aussi un v\u00e9ritable mod\u00e8le de durabilit\u00e9, avec des mat\u00e9riaux circulaires et une consommation d\u2019\u00e9nergie r\u00e9duite.\",\"breadcrumb\":{\"@id\":\"https:\/\/www.daiseikai.be\/fr#breadcrumb\"},\"inLanguage\":\"fr-FR\",\"potentialAction\":[{\"@type\":\"ReadAction\",\"target\":[\"https:\/\/www.daiseikai.be\/fr\"]}]},{\"@type\":\"BreadcrumbList\",\"@id\":\"https:\/\/www.daiseikai.be\/fr#breadcrumb\",\"itemListElement\":[{\"@type\":\"ListItem\",\"position\":1,\"name\":\"Home\",\"item\":\"https:\/\/www.daiseikai.be\/fr\"},{\"@type\":\"ListItem\",\"position\":2,\"name\":\"Homepage\"}]},{\"@type\":\"WebSite\",\"@id\":\"https:\/\/www.daiseikai.be\/#website\",\"url\":\"https:\/\/www.daiseikai.be\/\",\"name\":\"Daiseikai.be\",\"description\":\"\",\"potentialAction\":[{\"@type\":\"SearchAction\",\"target\":{\"@type\":\"EntryPoint\",\"urlTemplate\":\"https:\/\/www.daiseikai.be\/?s={search_term_string}\"},\"query-input\":\"required name=search_term_string\"}],\"inLanguage\":\"fr-FR\"}]}<\/script>\n<!-- \/ Yoast SEO plugin. -->","yoast_head_json":{"title":"Homepage - Daiseikai.be","description":"Un design haut de gamme, des mat\u00e9riaux durables, des prestations optimales : voici le nouveau Daiseikai 10. Avec son design original et ses caract\u00e9ristiques exceptionnelles, ce climatiseur innovant ne passe pas inaper\u00e7u. C\u2019est aussi un v\u00e9ritable mod\u00e8le de durabilit\u00e9, avec des mat\u00e9riaux circulaires et une consommation d\u2019\u00e9nergie r\u00e9duite.","robots":{"index":"index","follow":"follow","max-snippet":"max-snippet:-1","max-image-preview":"max-image-preview:large","max-video-preview":"max-video-preview:-1"},"canonical":"https:\/\/www.daiseikai.be\/fr","og_locale":"fr_FR","og_type":"article","og_title":"Homepage - Daiseikai.be","og_description":"Un design haut de gamme, des mat\u00e9riaux durables, des prestations optimales : voici le nouveau Daiseikai 10. Avec son design original et ses caract\u00e9ristiques exceptionnelles, ce climatiseur innovant ne passe pas inaper\u00e7u. C\u2019est aussi un v\u00e9ritable mod\u00e8le de durabilit\u00e9, avec des mat\u00e9riaux circulaires et une consommation d\u2019\u00e9nergie r\u00e9duite.","og_url":"https:\/\/www.daiseikai.be\/fr","og_site_name":"Daiseikai.be","article_modified_time":"2024-06-05T09:19:41+00:00","twitter_card":"summary_large_image","schema":{"@context":"https:\/\/schema.org","@graph":[{"@type":"WebPage","@id":"https:\/\/www.daiseikai.be\/fr","url":"https:\/\/www.daiseikai.be\/fr","name":"Homepage - Daiseikai.be","isPartOf":{"@id":"https:\/\/www.daiseikai.be\/#website"},"datePublished":"2024-02-14T15:09:51+00:00","dateModified":"2024-06-05T09:19:41+00:00","description":"Un design haut de gamme, des mat\u00e9riaux durables, des prestations optimales : voici le nouveau Daiseikai 10. Avec son design original et ses caract\u00e9ristiques exceptionnelles, ce climatiseur innovant ne passe pas inaper\u00e7u. C\u2019est aussi un v\u00e9ritable mod\u00e8le de durabilit\u00e9, avec des mat\u00e9riaux circulaires et une consommation d\u2019\u00e9nergie r\u00e9duite.","breadcrumb":{"@id":"https:\/\/www.daiseikai.be\/fr#breadcrumb"},"inLanguage":"fr-FR","potentialAction":[{"@type":"ReadAction","target":["https:\/\/www.daiseikai.be\/fr"]}]},{"@type":"BreadcrumbList","@id":"https:\/\/www.daiseikai.be\/fr#breadcrumb","itemListElement":[{"@type":"ListItem","position":1,"name":"Home","item":"https:\/\/www.daiseikai.be\/fr"},{"@type":"ListItem","position":2,"name":"Homepage"}]},{"@type":"WebSite","@id":"https:\/\/www.daiseikai.be\/#website","url":"https:\/\/www.daiseikai.be\/","name":"Daiseikai.be","description":"","potentialAction":[{"@type":"SearchAction","target":{"@type":"EntryPoint","urlTemplate":"https:\/\/www.daiseikai.be\/?s={search_term_string}"},"query-input":"required name=search_term_string"}],"inLanguage":"fr-FR"}]}},"_links":{"self":[{"href":"https:\/\/www.daiseikai.be\/fr\/wp-json\/wp\/v2\/pages\/25"}],"collection":[{"href":"https:\/\/www.daiseikai.be\/fr\/wp-json\/wp\/v2\/pages"}],"about":[{"href":"https:\/\/www.daiseikai.be\/fr\/wp-json\/wp\/v2\/types\/page"}],"author":[{"embeddable":true,"href":"https:\/\/www.daiseikai.be\/fr\/wp-json\/wp\/v2\/users\/1"}],"replies":[{"embeddable":true,"href":"https:\/\/www.daiseikai.be\/fr\/wp-json\/wp\/v2\/comments?post=25"}],"version-history":[{"count":37,"href":"https:\/\/www.daiseikai.be\/fr\/wp-json\/wp\/v2\/pages\/25\/revisions"}],"predecessor-version":[{"id":121,"href":"https:\/\/www.daiseikai.be\/fr\/wp-json\/wp\/v2\/pages\/25\/revisions\/121"}],"wp:attachment":[{"href":"https:\/\/www.daiseikai.be\/fr\/wp-json\/wp\/v2\/media?parent=25"}],"curies":[{"name":"wp","href":"https:\/\/api.w.org\/{rel}","templated":true}]}}